{"id":20,"date":"2024-08-22T17:52:07","date_gmt":"2024-08-22T17:52:07","guid":{"rendered":"https:\/\/modus-vivendi.eu\/?page_id=20"},"modified":"2025-02-26T12:18:14","modified_gmt":"2025-02-26T12:18:14","slug":"uslugi","status":"publish","type":"page","link":"https:\/\/modus-vivendi.eu\/en\/uslugi\/","title":{"rendered":"Services"},"content":{"rendered":"<div data-elementor-type=\"wp-page\" data-elementor-id=\"20\" class=\"elementor elementor-20\" data-elementor-post-type=\"page\">\n\t\t\t\t\t\t<section class=\"elementor-section elementor-top-section elementor-element elementor-element-1e960ec6 elementor-section-height-min-height elementor-section-boxed elementor-section-height-default elementor-section-items-middle\" data-id=\"1e960ec6\" data-element_type=\"section\" data-e-type=\"section\" data-settings=\"{&quot;background_background&quot;:&quot;classic&quot;}\">\n\t\t\t\t\t\t\t<div class=\"elementor-background-overlay\"><\/div>\n\t\t\t\t\t\t\t<div class=\"elementor-container elementor-column-gap-default\">\n\t\t\t\t\t<div class=\"elementor-column elementor-col-100 elementor-top-column elementor-element elementor-element-2530b714\" data-id=\"2530b714\" data-element_type=\"column\" data-e-type=\"column\">\n\t\t\t<div class=\"elementor-widget-wrap elementor-element-populated\">\n\t\t\t\t\t\t<div class=\"elementor-element elementor-element-1dce88db elementor-invisible elementor-widget elementor-widget-heading\" data-id=\"1dce88db\" data-element_type=\"widget\" data-e-type=\"widget\" data-settings=\"{&quot;_animation&quot;:&quot;fadeInDown&quot;}\" data-widget_type=\"heading.default\">\n\t\t\t\t<div class=\"elementor-widget-container\">\n\t\t\t\t\t<h1 class=\"elementor-heading-title elementor-size-default\">Services<\/h1>\t\t\t\t<\/div>\n\t\t\t\t<\/div>\n\t\t\t\t<div class=\"elementor-element elementor-element-21d5529 elementor-widget__width-initial elementor-widget-mobile__width-inherit elementor-invisible elementor-widget elementor-widget-text-editor\" data-id=\"21d5529\" data-element_type=\"widget\" data-e-type=\"widget\" data-settings=\"{&quot;_animation&quot;:&quot;fadeIn&quot;,&quot;_animation_delay&quot;:600}\" data-widget_type=\"text-editor.default\">\n\t\t\t\t<div class=\"elementor-widget-container\">\n\t\t\t\t\t\t\t\t\t<p><span class=\"TextRun SCXW54846510 BCX0\" lang=\"PL-PL\" xml:lang=\"PL-PL\" data-contrast=\"none\"><span class=\"NormalTextRun SCXW54846510 BCX0\">Flexibility, safety, and efficiency <\/span><\/span><span class=\"TextRun SCXW54846510 BCX0\" lang=\"PL-PL\" xml:lang=\"PL-PL\" data-contrast=\"none\"><span class=\"NormalTextRun SCXW54846510 BCX0\">\u2013 our priorities. Whether you need domestic, international, or specialized transport, we will find the best solution for you.<\/span><\/span><span class=\"EOP SCXW54846510 BCX0\" data-ccp-props=\"{&quot;201341983&quot;:0,&quot;335551550&quot;:2,&quot;335551620&quot;:2,&quot;335559685&quot;:164,&quot;335559731&quot;:0,&quot;335559737&quot;:174,&quot;335559738&quot;:0,&quot;335559740&quot;:244}\">\u00a0<\/span><\/p>\t\t\t\t\t\t\t\t<\/div>\n\t\t\t\t<\/div>\n\t\t\t\t\t<\/div>\n\t\t<\/div>\n\t\t\t\t\t<\/div>\n\t\t<\/section>\n\t\t\t\t<section class=\"elementor-section elementor-top-section elementor-element elementor-element-78eb2b30 elementor-section-boxed elementor-section-height-default elementor-section-height-default\" data-id=\"78eb2b30\" data-element_type=\"section\" data-e-type=\"section\">\n\t\t\t\t\t\t<div class=\"elementor-container elementor-column-gap-default\">\n\t\t\t\t\t<div class=\"elementor-column elementor-col-50 elementor-top-column elementor-element elementor-element-4a9a74b7\" data-id=\"4a9a74b7\" data-element_type=\"column\" data-e-type=\"column\">\n\t\t\t<div class=\"elementor-widget-wrap elementor-element-populated\">\n\t\t\t\t\t\t<div class=\"elementor-element elementor-element-5a368435 elementor-widget elementor-widget-elementskit-heading\" data-id=\"5a368435\" data-element_type=\"widget\" data-e-type=\"widget\" data-widget_type=\"elementskit-heading.default\">\n\t\t\t\t<div class=\"elementor-widget-container\">\n\t\t\t\t\t<div class=\"ekit-wid-con\" ><div class=\"ekit-heading elementskit-section-title-wraper text_left   ekit_heading_tablet-   ekit_heading_mobile-\"><h2 class=\"ekit-heading--title elementskit-section-title\">Transport tailored to <span><span>your needs <\/span><\/span><\/h2><\/div><\/div>\t\t\t\t<\/div>\n\t\t\t\t<\/div>\n\t\t\t\t<div class=\"elementor-element elementor-element-6072dd05 elementor-widget__width-initial elementor-widget elementor-widget-text-editor\" data-id=\"6072dd05\" data-element_type=\"widget\" data-e-type=\"widget\" data-widget_type=\"text-editor.default\">\n\t\t\t\t<div class=\"elementor-widget-container\">\n\t\t\t\t\t\t\t\t\t<p><span data-contrast=\"none\">At <\/span><b><span data-contrast=\"none\">Modus Vivendi <\/span><\/b><span data-contrast=\"none\">we understand that every shipment, cargo, and route has its own specifics. That\u2019s why we customize our transport services to meet your individual requirements. We offer reliable, punctual, and secure logistics solutions that support your business.<\/span><span data-ccp-props=\"{&quot;201341983&quot;:0,&quot;335551550&quot;:2,&quot;335551620&quot;:2,&quot;335559685&quot;:152,&quot;335559731&quot;:0,&quot;335559737&quot;:171,&quot;335559738&quot;:264,&quot;335559740&quot;:244}\">\u00a0<\/span><\/p><p><b><span data-contrast=\"none\">Flexibility, safety, and efficiency <\/span><\/b><span data-contrast=\"none\">\u2013 our priorities. Whether you need domestic, international, or specialized transport, we will find the best solution for you.<\/span><span data-ccp-props=\"{&quot;201341983&quot;:0,&quot;335551550&quot;:2,&quot;335551620&quot;:2,&quot;335559685&quot;:164,&quot;335559731&quot;:0,&quot;335559737&quot;:174,&quot;335559738&quot;:0,&quot;335559740&quot;:244}\">\u00a0<\/span><\/p><p><b><span data-contrast=\"none\">We adapt to your expectations \u2013 because your cargo is our responsibility.<\/span><\/b><span data-ccp-props=\"{&quot;335551550&quot;:2,&quot;335551620&quot;:2,&quot;335559685&quot;:0,&quot;335559731&quot;:0,&quot;335559737&quot;:20,&quot;335559738&quot;:1}\">\u00a0<\/span><\/p>\t\t\t\t\t\t\t\t<\/div>\n\t\t\t\t<\/div>\n\t\t\t\t\t<\/div>\n\t\t<\/div>\n\t\t\t\t<div class=\"elementor-column elementor-col-50 elementor-top-column elementor-element elementor-element-2c08b9a\" data-id=\"2c08b9a\" data-element_type=\"column\" data-e-type=\"column\">\n\t\t\t<div class=\"elementor-widget-wrap elementor-element-populated\">\n\t\t\t\t\t\t<div class=\"elementor-element elementor-element-f701991 elementor-widget elementor-widget-image\" data-id=\"f701991\" data-element_type=\"widget\" data-e-type=\"widget\" data-widget_type=\"image.default\">\n\t\t\t\t<div class=\"elementor-widget-container\">\n\t\t\t\t\t\t\t\t\t\t\t\t\t\t\t<img fetchpriority=\"high\" decoding=\"async\" width=\"800\" height=\"640\" src=\"https:\/\/modus-vivendi.eu\/wp-content\/uploads\/2025\/02\/4526.jpg\" class=\"attachment-large size-large wp-image-240\" alt=\"\" srcset=\"https:\/\/modus-vivendi.eu\/wp-content\/uploads\/2025\/02\/4526.jpg 1000w, https:\/\/modus-vivendi.eu\/wp-content\/uploads\/2025\/02\/4526-300x240.jpg 300w, https:\/\/modus-vivendi.eu\/wp-content\/uploads\/2025\/02\/4526-768x614.jpg 768w, https:\/\/modus-vivendi.eu\/wp-content\/uploads\/2025\/02\/4526-15x12.jpg 15w\" sizes=\"(max-width: 800px) 100vw, 800px\" \/>\t\t\t\t\t\t\t\t\t\t\t\t\t\t\t<\/div>\n\t\t\t\t<\/div>\n\t\t\t\t\t<\/div>\n\t\t<\/div>\n\t\t\t\t\t<\/div>\n\t\t<\/section>\n\t\t\t\t<section class=\"elementor-section elementor-top-section elementor-element elementor-element-63a5e6ed elementor-section-boxed elementor-section-height-default elementor-section-height-default\" data-id=\"63a5e6ed\" data-element_type=\"section\" data-e-type=\"section\">\n\t\t\t\t\t\t<div class=\"elementor-container elementor-column-gap-default\">\n\t\t\t\t\t<div class=\"elementor-column elementor-col-100 elementor-top-column elementor-element elementor-element-3bf4645e\" data-id=\"3bf4645e\" data-element_type=\"column\" data-e-type=\"column\">\n\t\t\t<div class=\"elementor-widget-wrap elementor-element-populated\">\n\t\t\t\t\t\t<div class=\"elementor-element elementor-element-29c8417d elementor-widget elementor-widget-elementskit-heading\" data-id=\"29c8417d\" data-element_type=\"widget\" data-e-type=\"widget\" data-widget_type=\"elementskit-heading.default\">\n\t\t\t\t<div class=\"elementor-widget-container\">\n\t\t\t\t\t<div class=\"ekit-wid-con\" ><div class=\"ekit-heading elementskit-section-title-wraper text_center   ekit_heading_tablet-   ekit_heading_mobile-\"><h2 class=\"ekit-heading--title elementskit-section-title\">Your cargo, our care - <span><span>safe and on time!<\/span><\/span><\/h2><\/div><\/div>\t\t\t\t<\/div>\n\t\t\t\t<\/div>\n\t\t\t\t<div class=\"elementor-element elementor-element-6c861d93 elementor-widget__width-initial elementor-widget-mobile__width-inherit elementor-widget elementor-widget-text-editor\" data-id=\"6c861d93\" data-element_type=\"widget\" data-e-type=\"widget\" data-widget_type=\"text-editor.default\">\n\t\t\t\t<div class=\"elementor-widget-container\">\n\t\t\t\t\t\t\t\t\t<p>Z nami nie musisz martwi\u0107 si\u0119 o transport. Zapewniamy niezawodne, terminowe i bezpieczne przewozy dopasowane do Twoich potrzeb. Niezale\u017cnie od rodzaju \u0142adunku i trasy \u2013 dostarczymy go z najwy\u017csz\u0105 staranno\u015bci\u0105.<\/p>\t\t\t\t\t\t\t\t<\/div>\n\t\t\t\t<\/div>\n\t\t\t\t\t<\/div>\n\t\t<\/div>\n\t\t\t\t\t<\/div>\n\t\t<\/section>\n\t\t\t\t<section class=\"elementor-section elementor-top-section elementor-element elementor-element-249d038 elementor-section-boxed elementor-section-height-default elementor-section-height-default\" data-id=\"249d038\" data-element_type=\"section\" data-e-type=\"section\">\n\t\t\t\t\t\t<div class=\"elementor-container elementor-column-gap-default\">\n\t\t\t\t\t<div class=\"elementor-column elementor-col-25 elementor-top-column elementor-element elementor-element-5926626 elementor-invisible\" data-id=\"5926626\" data-element_type=\"column\" data-e-type=\"column\" data-settings=\"{&quot;background_background&quot;:&quot;classic&quot;,&quot;animation&quot;:&quot;fadeInUp&quot;,&quot;animation_delay&quot;:1000}\">\n\t\t\t<div class=\"elementor-widget-wrap elementor-element-populated\">\n\t\t\t\t\t\t<div class=\"elementor-element elementor-element-d3fba4c e-transform elementor-widget elementor-widget-image\" data-id=\"d3fba4c\" data-element_type=\"widget\" data-e-type=\"widget\" data-settings=\"{&quot;_transform_scale_effect_hover&quot;:{&quot;unit&quot;:&quot;px&quot;,&quot;size&quot;:1.1,&quot;sizes&quot;:[]},&quot;_transform_scale_effect_hover_tablet&quot;:{&quot;unit&quot;:&quot;px&quot;,&quot;size&quot;:&quot;&quot;,&quot;sizes&quot;:[]},&quot;_transform_scale_effect_hover_mobile&quot;:{&quot;unit&quot;:&quot;px&quot;,&quot;size&quot;:&quot;&quot;,&quot;sizes&quot;:[]}}\" data-widget_type=\"image.default\">\n\t\t\t\t<div class=\"elementor-widget-container\">\n\t\t\t\t\t\t\t\t\t\t\t\t\t\t\t<img decoding=\"async\" width=\"512\" height=\"512\" src=\"https:\/\/modus-vivendi.eu\/wp-content\/uploads\/2025\/02\/express-2.png\" class=\"attachment-large size-large wp-image-317\" alt=\"\" srcset=\"https:\/\/modus-vivendi.eu\/wp-content\/uploads\/2025\/02\/express-2.png 512w, https:\/\/modus-vivendi.eu\/wp-content\/uploads\/2025\/02\/express-2-300x300.png 300w, https:\/\/modus-vivendi.eu\/wp-content\/uploads\/2025\/02\/express-2-150x150.png 150w, https:\/\/modus-vivendi.eu\/wp-content\/uploads\/2025\/02\/express-2-12x12.png 12w\" sizes=\"(max-width: 512px) 100vw, 512px\" \/>\t\t\t\t\t\t\t\t\t\t\t\t\t\t\t<\/div>\n\t\t\t\t<\/div>\n\t\t\t\t<div class=\"elementor-element elementor-element-cf188c2 elementor-widget elementor-widget-heading\" data-id=\"cf188c2\" data-element_type=\"widget\" data-e-type=\"widget\" data-widget_type=\"heading.default\">\n\t\t\t\t<div class=\"elementor-widget-container\">\n\t\t\t\t\t<h4 class=\"elementor-heading-title elementor-size-default\">Express transport<\/h4>\t\t\t\t<\/div>\n\t\t\t\t<\/div>\n\t\t\t\t\t<\/div>\n\t\t<\/div>\n\t\t\t\t<div class=\"elementor-column elementor-col-25 elementor-top-column elementor-element elementor-element-7918686 elementor-invisible\" data-id=\"7918686\" data-element_type=\"column\" data-e-type=\"column\" data-settings=\"{&quot;background_background&quot;:&quot;classic&quot;,&quot;animation&quot;:&quot;fadeInUp&quot;,&quot;animation_delay&quot;:1000}\">\n\t\t\t<div class=\"elementor-widget-wrap elementor-element-populated\">\n\t\t\t\t\t\t<div class=\"elementor-element elementor-element-8593a7f e-transform elementor-widget elementor-widget-image\" data-id=\"8593a7f\" data-element_type=\"widget\" data-e-type=\"widget\" data-settings=\"{&quot;_transform_scale_effect_hover&quot;:{&quot;unit&quot;:&quot;px&quot;,&quot;size&quot;:1.1,&quot;sizes&quot;:[]},&quot;_transform_scale_effect_hover_tablet&quot;:{&quot;unit&quot;:&quot;px&quot;,&quot;size&quot;:&quot;&quot;,&quot;sizes&quot;:[]},&quot;_transform_scale_effect_hover_mobile&quot;:{&quot;unit&quot;:&quot;px&quot;,&quot;size&quot;:&quot;&quot;,&quot;sizes&quot;:[]}}\" data-widget_type=\"image.default\">\n\t\t\t\t<div class=\"elementor-widget-container\">\n\t\t\t\t\t\t\t\t\t\t\t\t\t\t\t<img decoding=\"async\" width=\"512\" height=\"512\" src=\"https:\/\/modus-vivendi.eu\/wp-content\/uploads\/2025\/02\/eco.png\" class=\"attachment-large size-large wp-image-316\" alt=\"\" srcset=\"https:\/\/modus-vivendi.eu\/wp-content\/uploads\/2025\/02\/eco.png 512w, https:\/\/modus-vivendi.eu\/wp-content\/uploads\/2025\/02\/eco-300x300.png 300w, https:\/\/modus-vivendi.eu\/wp-content\/uploads\/2025\/02\/eco-150x150.png 150w, https:\/\/modus-vivendi.eu\/wp-content\/uploads\/2025\/02\/eco-12x12.png 12w\" sizes=\"(max-width: 512px) 100vw, 512px\" \/>\t\t\t\t\t\t\t\t\t\t\t\t\t\t\t<\/div>\n\t\t\t\t<\/div>\n\t\t\t\t<div class=\"elementor-element elementor-element-870eea5 elementor-widget elementor-widget-heading\" data-id=\"870eea5\" data-element_type=\"widget\" data-e-type=\"widget\" data-widget_type=\"heading.default\">\n\t\t\t\t<div class=\"elementor-widget-container\">\n\t\t\t\t\t<h4 class=\"elementor-heading-title elementor-size-default\">Economic transport<\/h4>\t\t\t\t<\/div>\n\t\t\t\t<\/div>\n\t\t\t\t\t<\/div>\n\t\t<\/div>\n\t\t\t\t<div class=\"elementor-column elementor-col-25 elementor-top-column elementor-element elementor-element-ec92237 elementor-invisible\" data-id=\"ec92237\" data-element_type=\"column\" data-e-type=\"column\" data-settings=\"{&quot;background_background&quot;:&quot;classic&quot;,&quot;animation&quot;:&quot;fadeInUp&quot;,&quot;animation_delay&quot;:1000}\">\n\t\t\t<div class=\"elementor-widget-wrap elementor-element-populated\">\n\t\t\t\t\t\t<div class=\"elementor-element elementor-element-feb37b2 e-transform elementor-widget elementor-widget-image\" data-id=\"feb37b2\" data-element_type=\"widget\" data-e-type=\"widget\" data-settings=\"{&quot;_transform_scale_effect_hover&quot;:{&quot;unit&quot;:&quot;px&quot;,&quot;size&quot;:1.1,&quot;sizes&quot;:[]},&quot;_transform_scale_effect_hover_tablet&quot;:{&quot;unit&quot;:&quot;px&quot;,&quot;size&quot;:&quot;&quot;,&quot;sizes&quot;:[]},&quot;_transform_scale_effect_hover_mobile&quot;:{&quot;unit&quot;:&quot;px&quot;,&quot;size&quot;:&quot;&quot;,&quot;sizes&quot;:[]}}\" data-widget_type=\"image.default\">\n\t\t\t\t<div class=\"elementor-widget-container\">\n\t\t\t\t\t\t\t\t\t\t\t\t\t\t\t<img loading=\"lazy\" decoding=\"async\" width=\"512\" height=\"512\" src=\"https:\/\/modus-vivendi.eu\/wp-content\/uploads\/2025\/02\/specjal-2.png\" class=\"attachment-large size-large wp-image-314\" alt=\"\" srcset=\"https:\/\/modus-vivendi.eu\/wp-content\/uploads\/2025\/02\/specjal-2.png 512w, https:\/\/modus-vivendi.eu\/wp-content\/uploads\/2025\/02\/specjal-2-300x300.png 300w, https:\/\/modus-vivendi.eu\/wp-content\/uploads\/2025\/02\/specjal-2-150x150.png 150w, https:\/\/modus-vivendi.eu\/wp-content\/uploads\/2025\/02\/specjal-2-12x12.png 12w\" sizes=\"(max-width: 512px) 100vw, 512px\" \/>\t\t\t\t\t\t\t\t\t\t\t\t\t\t\t<\/div>\n\t\t\t\t<\/div>\n\t\t\t\t<div class=\"elementor-element elementor-element-95b748b elementor-widget elementor-widget-heading\" data-id=\"95b748b\" data-element_type=\"widget\" data-e-type=\"widget\" data-widget_type=\"heading.default\">\n\t\t\t\t<div class=\"elementor-widget-container\">\n\t\t\t\t\t<h4 class=\"elementor-heading-title elementor-size-default\">Specialized transport<\/h4>\t\t\t\t<\/div>\n\t\t\t\t<\/div>\n\t\t\t\t\t<\/div>\n\t\t<\/div>\n\t\t\t\t<div class=\"elementor-column elementor-col-25 elementor-top-column elementor-element elementor-element-f071412 elementor-invisible\" data-id=\"f071412\" data-element_type=\"column\" data-e-type=\"column\" data-settings=\"{&quot;background_background&quot;:&quot;classic&quot;,&quot;animation&quot;:&quot;fadeInUp&quot;,&quot;animation_delay&quot;:1000}\">\n\t\t\t<div class=\"elementor-widget-wrap elementor-element-populated\">\n\t\t\t\t\t\t<div class=\"elementor-element elementor-element-e278970 e-transform elementor-widget elementor-widget-image\" data-id=\"e278970\" data-element_type=\"widget\" data-e-type=\"widget\" data-settings=\"{&quot;_transform_scale_effect_hover&quot;:{&quot;unit&quot;:&quot;px&quot;,&quot;size&quot;:1.1,&quot;sizes&quot;:[]},&quot;_transform_scale_effect_hover_tablet&quot;:{&quot;unit&quot;:&quot;px&quot;,&quot;size&quot;:&quot;&quot;,&quot;sizes&quot;:[]},&quot;_transform_scale_effect_hover_mobile&quot;:{&quot;unit&quot;:&quot;px&quot;,&quot;size&quot;:&quot;&quot;,&quot;sizes&quot;:[]}}\" data-widget_type=\"image.default\">\n\t\t\t\t<div class=\"elementor-widget-container\">\n\t\t\t\t\t\t\t\t\t\t\t\t\t\t\t<img loading=\"lazy\" decoding=\"async\" width=\"512\" height=\"512\" src=\"https:\/\/modus-vivendi.eu\/wp-content\/uploads\/2025\/02\/warehousing-1.png\" class=\"attachment-large size-large wp-image-315\" alt=\"\" srcset=\"https:\/\/modus-vivendi.eu\/wp-content\/uploads\/2025\/02\/warehousing-1.png 512w, https:\/\/modus-vivendi.eu\/wp-content\/uploads\/2025\/02\/warehousing-1-300x300.png 300w, https:\/\/modus-vivendi.eu\/wp-content\/uploads\/2025\/02\/warehousing-1-150x150.png 150w, https:\/\/modus-vivendi.eu\/wp-content\/uploads\/2025\/02\/warehousing-1-12x12.png 12w\" sizes=\"(max-width: 512px) 100vw, 512px\" \/>\t\t\t\t\t\t\t\t\t\t\t\t\t\t\t<\/div>\n\t\t\t\t<\/div>\n\t\t\t\t<div class=\"elementor-element elementor-element-385ff25 elementor-widget elementor-widget-heading\" data-id=\"385ff25\" data-element_type=\"widget\" data-e-type=\"widget\" data-widget_type=\"heading.default\">\n\t\t\t\t<div class=\"elementor-widget-container\">\n\t\t\t\t\t<h4 class=\"elementor-heading-title elementor-size-default\">Warehousing<\/h4>\t\t\t\t<\/div>\n\t\t\t\t<\/div>\n\t\t\t\t\t<\/div>\n\t\t<\/div>\n\t\t\t\t\t<\/div>\n\t\t<\/section>\n\t\t\t\t<\/div>","protected":false},"excerpt":{"rendered":"<p>Us\u0142ugi Elastyczno\u015b\u0107, bezpiecze\u0144stwo i skuteczno\u015b\u0107 \u2013 to nasze priorytety. Niezale\u017cnie od tego, czy potrzebujesz transportu krajowego, mi\u0119dzynarodowego, czy specjalistycznego, znajdziemy dla Ciebie najlepsze rozwi\u0105zanie.\u00a0 Transport dopasowany do Twoich potrzeb W Modus Vivendi rozumiemy, \u017ce ka\u017cda przesy\u0142ka, \u0142adunek i trasa maj\u0105 swoj\u0105 specyfik\u0119. Dlatego nasze us\u0142ugi transportowe dopasowujemy indywidualnie do Twoich wymaga\u0144. Oferujemy niezawodne, terminowe i [&hellip;]<\/p>\n","protected":false},"author":1,"featured_media":0,"parent":0,"menu_order":0,"comment_status":"closed","ping_status":"closed","template":"elementor_header_footer","meta":{"footnotes":""},"class_list":["post-20","page","type-page","status-publish","hentry"],"_links":{"self":[{"href":"https:\/\/modus-vivendi.eu\/en\/wp-json\/wp\/v2\/pages\/20","targetHints":{"allow":["GET"]}}],"collection":[{"href":"https:\/\/modus-vivendi.eu\/en\/wp-json\/wp\/v2\/pages"}],"about":[{"href":"https:\/\/modus-vivendi.eu\/en\/wp-json\/wp\/v2\/types\/page"}],"author":[{"embeddable":true,"href":"https:\/\/modus-vivendi.eu\/en\/wp-json\/wp\/v2\/users\/1"}],"replies":[{"embeddable":true,"href":"https:\/\/modus-vivendi.eu\/en\/wp-json\/wp\/v2\/comments?post=20"}],"version-history":[{"count":44,"href":"https:\/\/modus-vivendi.eu\/en\/wp-json\/wp\/v2\/pages\/20\/revisions"}],"predecessor-version":[{"id":411,"href":"https:\/\/modus-vivendi.eu\/en\/wp-json\/wp\/v2\/pages\/20\/revisions\/411"}],"wp:attachment":[{"href":"https:\/\/modus-vivendi.eu\/en\/wp-json\/wp\/v2\/media?parent=20"}],"curies":[{"name":"wp","href":"https:\/\/api.w.org\/{rel}","templated":true}]}}